{"id":1274,"date":"2017-01-15T13:34:59","date_gmt":"2017-01-15T13:34:59","guid":{"rendered":"http:\/\/www.grandhotelavcilar.com\/?page_id=1274"},"modified":"2019-12-25T16:49:25","modified_gmt":"2019-12-25T16:49:25","slug":"cnr-imob-istanbul-mobilya-fuari-2017","status":"publish","type":"page","link":"https:\/\/grandavcilarhotel.com\/en\/cnr-imob-istanbul-mobilya-fuari-2017\/","title":{"rendered":"CNR IMOB \u0130stanbul Mobilya Fuar\u0131 2017"},"content":{"rendered":"<p><H1>CNR IMOB 2017 \u0130STANBUL MOB\u0130LYA FUARI \u0130\u00c7\u0130N OTEL M\u0130 ARIYORSUNUZ?<\/H1><\/p>\n<p><B>GRAND AVCILAR OTEL<\/p>\n<p>Adres:E 5 yanyol no 66, 34740, Avc\u0131lar, Istanbul<br \/>\nTelefon: <a href=\"tel:(0212)694 9900\">+90 212 694 99 00<\/a><br \/>\nFaks: +90 212 695 86 95<br \/>\nEmail: info@grandhotelavcilar.com <\/B><\/p>\n<p><img loading=\"lazy\" decoding=\"async\" src=\"https:\/\/grandavcilarhotel.com\/en\/wp-content\/uploads\/cnr-imob-2017.jpg\" alt=\"cnr expo\" width=\"750\" height=\"150\" class=\"alignright size-full wp-image-899\" \/><\/p>\n<p><A HREF=\"http:\/\/grandavcilarhotel.com\/\">OTEL ANASAYFA<\/A><\/p>\n<p><H2>D\u00fcnya \u0130MOB Fuar\u0131\u2019nda Bulu\u015fuyor<\/H2><\/p>\n<p>Bu y\u0131l 13\u00fcnc\u00fcs\u00fc d\u00fczenlenecek olan CNR \u0130MOB Mobilya Fuar\u0131\u2019na, d\u00fcnyan\u0131n d\u00f6rt bir yan\u0131ndan VIP al\u0131m heyetleri geliyor. Aralar\u0131nda \u00f6zellikle Almanya, Avusturya ve \u0130svi\u00e7re\u2019nin de bulundu\u011fu 14 Avrupa \u00fclkesinin B2B al\u0131m heyetlerinin yan\u0131 s\u0131ra, Suudi Arabistan ve Katar\u2019dan gelecek heyette kat\u0131l\u0131mc\u0131 firmalar i\u00e7in kontrat mobilya proje sunumlar\u0131 ger\u00e7ekle\u015ftirecek  <\/p>\n<p>CNR EXPO kurulu\u015flar\u0131ndan \u0130stanbul Fuarc\u0131l\u0131k ve T\u00fcrkiye mobilya sekt\u00f6r\u00fcn\u00fcn \u00e7at\u0131 \u00f6rg\u00fct\u00fc MOSFED (Mobilya Dernekleri Federasyonu) i\u015f birli\u011fiyle, T.C. Ekonomi Bakanl\u0131\u011f\u0131 ve \u0130stanbul \u0130hracat\u00e7\u0131 Birlikleri (\u0130\u0130B)\u2019nin deste\u011fi ile d\u00fczenlenen \u0130MOB, UR-GE Projeleri deste\u011fi ile davet edilen, aralar\u0131nda mobilya sekt\u00f6r\u00fcn\u00fcn lider \u00fclkelerinin de bulundu\u011fu 74 \u00fclkenin VIP al\u0131m heyetlerini a\u011f\u0131rlayacak. Bu sayede kat\u0131l\u0131mc\u0131 firmalar\u0131n b\u00f6lgesel i\u015f yo\u011funlu\u011fu, pazarlama, markala\u015fma ve ihracat alanlar\u0131nda b\u00fcy\u00fck mesafe kat etmesini sa\u011flanacak.  <\/p>\n<p><A HREF=\"http:\/\/grandavcilarhotel.com\/\">T\u00dcRK\u00c7E ANASAYFA<\/A><\/p>\n<p>CNR EXPO taraf\u0131ndan organize edilen 13. CNR IMOB Fuar\u0131\u2019na Bat\u0131 Avrupa\u2019dan Almanya, Avusturya, \u0130svi\u00e7re, Bel\u00e7ika, Romanya, Yunanistan, Polonya, \u0130talya, Do\u011fu Avrupa\u2019dan Slovenya, Slovakya, Makedonya, Arnavutluk, Bosna-Hersek, S\u0131rbistan, Kosova, K\u00f6rfez \u00dclkeleri\u2019nden Suudi Arabistan, Katar, Birle\u015fik Arap Emirlikleri, Umman, Kuveyt, Ortado\u011fu\u2019dan L\u00fcbnan, \u00dcrd\u00fcn, Irak, \u0130ran, Kuzey Afrika\u2019dan Fas, M\u0131s\u0131r, Cezayir, Tunus, BDT (Ba\u011f\u0131ms\u0131z Devletler Toplulu\u011fu)\u2019den Rusya, G\u00fcrcistan ve Azerbaycan\u2019\u0131n da aralar\u0131nda bulundu\u011fu toplam 74 \u00fclkenin profesyonel sekt\u00f6r temsilcileri kat\u0131l\u0131m g\u00f6sterecek.  <\/p>\n<p>Suudi Arabistan ve Katar\u2019dan gelen otel, otel zincirleri, kamu kurumlar\u0131 ve hastane yat\u0131r\u0131mc\u0131lar\u0131, \u0130MOB\u2019a kat\u0131lan kontrat mobilyac\u0131lar\u0131na projelerinin sunumlar\u0131n\u0131 yapacaklar. K\u00f6rfez \u00fclke yat\u0131r\u0131mc\u0131lar\u0131yla organize edilecek olan bu kontrat proje sunumlar\u0131 ile kat\u0131l\u0131mc\u0131 firmalar ticari ama\u00e7lar i\u00e7in kullan\u0131lan i\u00e7 ve d\u0131\u015f mekanlara toplu \u00fcr\u00fcn sat\u0131\u015f\u0131nda bulunacaklar. <\/p>\n<p><A HREF=\"http:\/\/grandavcilarhotel.com\/\">T\u00dcRK\u00c7E ANASAYFA<\/A><\/p>\n<p> \u00d6zellikle Almanya, Avusturya ve \u0130svi\u00e7re\u2019nin aralar\u0131nda bulundu\u011fu 14 Avrupa \u00fclkesinden gelecek VIP al\u0131m heyetleri; fabrika sahipleri, zincir ma\u011faza y\u00f6neticileri, toptanc\u0131lar gibi b\u00fcy\u00fck al\u0131c\u0131 gruplar\u0131ndan olu\u015fuyor. Bu grup, temsil ettikleri kurumlar i\u00e7in toplu al\u0131mlar ger\u00e7ekle\u015ftirerek \u0130MOB stantlar\u0131n\u0131 olduk\u00e7a hareketlendirecek.  <\/p>\n<p>\u0130MOB bu y\u0131l aralar\u0131nda Rusya, G\u00fcrcistan ve Azerbaycan\u2019\u0131nda bulundu\u011fu BDT (Ba\u011f\u0131ms\u0131z Devletler Toplulu\u011fu) \u00fclkeleri i\u00e7in \u00f6zel pazarlama faaliyetleri ve ziyaret\u00e7i \u00e7al\u0131\u015fmalar\u0131 ger\u00e7ekle\u015ftiriyor. \u00d6zellikle Rusya\u2019dan davet edilen VIP al\u0131m heyetleri sayesinde \u0130MOB\u2019un i\u015flem hacminin daha da art\u0131r\u0131lmas\u0131 hedefleniyor. Siyasi kriz nedeni ile daralan bu pazar, iki \u00fclke aras\u0131nda sa\u011flanan anla\u015fma ile \u0130MOB\u2019da olduk\u00e7a hareketlenecek.<\/p>\n<p> T\u00fcrkiye\u2019nin d\u0131\u015f ticaret fazlas\u0131 veren ender sekt\u00f6rlerinden biri olan mobilya end\u00fcstrisi \u00fcretim, tasar\u0131m, pazarlama ve d\u00fcnya piyasas\u0131nda s\u00f6z sahibi olma hedeflerine bu y\u0131l 24-29 Ocak 2017 tarihlerinde d\u00fczenlenecek olan 13. CNR IMOB \u0130stanbul Mobilya Fuar\u0131 ile biraz daha yakla\u015fm\u0131\u015f olacak. Her y\u0131l \u00fczerine de\u011fer katarak kendi alan\u0131nda liderli\u011fini devam ettirip organizasyonlar\u0131n\u0131 hayata ge\u00e7iren \u0130MOB, bu y\u0131l d\u00fcnyaya her zamankinden daha fazla a\u00e7\u0131lacak.  <\/p>\n<p><B>GRAND AVCILAR OTEL<\/p>\n<p>Adres:E 5 yanyol no 66, 34740, Avc\u0131lar, Istanbul<br \/>\nTelefon: <a href=\"tel:(0212)694 9900\">+90 212 694 99 00<\/a><br \/>\nFaks: +90 212 695 86 95<br \/>\nEmail: info@grandhotelavcilar.com <\/B><\/p>\n<p><A HREF=\"http:\/\/grandavcilarhotel.com\/\">GRAND AVCILAR OTEL T\u00dcRK\u00c7E SAYFA \u0130\u00c7\u0130N TIKLAYIN<\/A><\/p>\n","protected":false},"excerpt":{"rendered":"<p>CNR IMOB 2017 \u0130STANBUL MOB\u0130LYA FUARI \u0130\u00c7\u0130N OTEL M\u0130 ARIYORSUNUZ?<br \/>\nGRAND AVCILAR OTEL<br \/>\nAdres:E 5 yanyol no 66, 34740, Avc\u0131lar, Istanbul<br \/>\nTelefon: <a href=\"tel:(0212)694 9900\">+90 212 694 99 &#8230;<\/p>\n","protected":false},"author":1,"featured_media":0,"parent":0,"menu_order":0,"comment_status":"closed","ping_status":"closed","template":"","meta":{"_joinchat":[],"footnotes":""},"_links":{"self":[{"href":"https:\/\/grandavcilarhotel.com\/en\/wp-json\/wp\/v2\/pages\/1274"}],"collection":[{"href":"https:\/\/grandavcilarhotel.com\/en\/wp-json\/wp\/v2\/pages"}],"about":[{"href":"https:\/\/grandavcilarhotel.com\/en\/wp-json\/wp\/v2\/types\/page"}],"author":[{"embeddable":true,"href":"https:\/\/grandavcilarhotel.com\/en\/wp-json\/wp\/v2\/users\/1"}],"replies":[{"embeddable":true,"href":"https:\/\/grandavcilarhotel.com\/en\/wp-json\/wp\/v2\/comments?post=1274"}],"version-history":[{"count":6,"href":"https:\/\/grandavcilarhotel.com\/en\/wp-json\/wp\/v2\/pages\/1274\/revisions"}],"predecessor-version":[{"id":1378,"href":"https:\/\/grandavcilarhotel.com\/en\/wp-json\/wp\/v2\/pages\/1274\/revisions\/1378"}],"wp:attachment":[{"href":"https:\/\/grandavcilarhotel.com\/en\/wp-json\/wp\/v2\/media?parent=1274"}],"curies":[{"name":"wp","href":"https:\/\/api.w.org\/{rel}","templated":true}]}}