{"id":175,"date":"2011-03-13T09:50:55","date_gmt":"2011-03-13T09:50:55","guid":{"rendered":"http:\/\/localhost\/welcomeinn3\/?page_id=175"},"modified":"2026-02-06T13:49:59","modified_gmt":"2026-02-06T13:49:59","slug":"homepage","status":"publish","type":"page","link":"https:\/\/grandavcilarhotel.com\/en\/","title":{"rendered":"Grand Hotel Avcilar"},"content":{"rendered":"<div id=\"reseliva-widget\"><a href=\"https:\/\/www.reseliva.com\/\" class=\"powered_by\">Reseliva Rezervasyon Motoru &amp; Kanal Y\u00f6neticisi<\/a><\/div>\n<p><script>\n(function(d, s, id){var js, fjs = d.getElementsByTagName(s)[0];if (d.getElementById(id)) {return;}js = d.createElement(s); js.id = id;js.src = \"https:\/\/www.reseliva.com\/ReselivaWidget\/JS\/rw_script.js\";fjs.parentNode.insertBefore(js, fjs);}(document, 'script', 'reseliva_widget'));\nlet RW = {\"type\":\"bar\",\n\"hotelUrl\":[\"Grand-Hotel-Avcilar\"],\n\"lang\":\"en\"};\n<\/script><\/p>\n<div class>Contact Us: <span><a href=\"tel:(0212)694 9900\">+90 212 694 99 00<\/a>&nbsp;<\/span><a href=\"http:\/\/grandavcilarhotel.com\/\"><img decoding=\"async\" src=\"\/wp-content\/themes\/welcome_inn\/images\/tr.jpg\" alt=\"T\u00fcrk\u00e7e Dil Se\u00e7imi\" title=\"T\u00fcrk\u00e7e sayfaya git\" border=0 width=40 height=22><\/a>&nbsp;<a href=\"https:\/\/grandavcilarhotel.com\/en\/\"><img decoding=\"async\" src=\"\/wp-content\/themes\/welcome_inn\/images\/eng.jpg\" alt=\"English Language Selection\" title=\"Go to English page\" border=0 width=40 height=22><\/a\n\n\n\n\n<div class=\"text\">\n<div class=\"col col_1_2 \">\n<div class=\"inner\">\n<div class=\"news-item\">\n<h1 style=\"text-align: center;\"><strong>\u0130stanbul Avcilar Hotel close to Cnr Expo and Tuyap Exhibition Centers<\/strong><\/h1>\n<div class=\"news-text\">\n<p style=\"text-align: left;\"><img loading=\"lazy\" decoding=\"async\" class=\"size-full wp-image-388 alignleft\" title=\"temp_img_2\" src=\"https:\/\/grandavcilarhotel.com\/en\/wp-content\/uploads\/hotel-in-istanbul-1.jpg\" alt=\"\" width=\"140\" height=\"93\" \/><\/p>\n<\/p>\n<p><a href=\"https:\/\/grandavcilarhotel.com\/en\/hotels-in-istanbul-safe-tourism-certificated-istanbul-hotel\/\" target=\"_blank\" rel=\"noopener\">Grand Hotel Avcilar has been rewarded with Turkey Safe Tourism Certificate.CLICK FOR DETAILS<\/a><br \/>3 star \u0130stanbul Avcilar Hotel <strong><a href=\"https:\/\/grandavcilarhotel.com\">Grand Hotel Avcilar<\/a><\/strong> is located near <strong>Istanbul Ataturk Airport<\/strong> and is 10 minutes away from <strong>Tuyap Expo<\/strong> and <strong>Cnr Expo Exhibition<\/strong> centers.Taksim,bosphorus and Sultanahmet district can be easily reached by near public transport options.Our hotel is one of the cheapest hotels in Istanbul with luxury rooms and service.Besides accessing the hotel easily by car as the <strong>hotel<\/strong> is on the main road,<strong><a href=\"https:\/\/grandavcilarhotel.com\">Grand Hotel Avcilar<\/a><\/strong> can be accessed by public transportation as well.For the quest coming from Istanbul <strong>Ataturk International Airport<\/strong> and <strong>Cnr Expo Fair<\/strong> or Istanbul Fair Center direction,hotel quests can take metro then metrobus,for the hotel quests coming from <strong>Istanbul Tuyap Exhibition Centre<\/strong> the quest can take metrobus.As our hotel is a family and safe hotel,you can enjoy your stay in our cheap and confortable rooms in best istanbul Avcilar hotel Grand Hotel.<\/p>\n<\/div>\n<\/div>\n<\/div>\n<\/div>\n<div class=\"col col_1_2 \">\n<div class=\"inner\">\n<div class=\"news-item\">\n<h2 style=\"text-align: center;\"><strong>Business and Family Hotel Concept<\/strong><\/h2>\n<div class=\"news-text\">\n<p><img loading=\"lazy\" decoding=\"async\" class=\"alignleft\" src=\"https:\/\/grandavcilarhotel.com\/en\/wp-content\/uploads\/istanbul-hotel-1.jpg\" alt=\"\" width=\"140\" height=\"93\" \/><a href=\"https:\/\/grandavcilarhotel.com\">Grand Hotel Avcilar<\/a> has 68 deluxe rooms consisting of single,double,triple,suit and family rooms.Open buffet breakfast enriched with traditional Turkish cuisine is served to our customers as a standart at our hotel in Istanbul Turkey.There is a restaurant located at the hotel lobby for lunch and dinner,a meeting room for 50 people,free business corner computer with wi-fi access,garage and 24 hour open room service are just some of our hotel services.Blue mosque in Sultanahmet,Grand bazaar in Beyaz\u0131t,Taksim Square in Taksim is the main places that you have to visit in Istanbul\/Turkey.<br \/><a href=\"https:\/\/grandavcilarhotel.com\">Grand Hotel Avcilar<\/a> is one of the best hotels near Ataturk Airport in Istanbul with 3 stars,we are waiting you to test the Turkish hospitality and confort.<\/p>\n<\/div>\n<\/div>\n<\/div>\n<\/div>\n<p><b>GRAND AVCILAR OTEL<br \/>Adres:E 5 yanyol no 66, 34740, Avc\u0131lar, Istanbul<br \/>Telefon: <a href=\"tel:(0212)694 9900\">+90 212 694 99 00<\/a><br \/>Faks: +90 212 695 86 95<br \/>Email: info@grandhotelavcilar.com<\/b><\/p>\n<p><a href=\"https:\/\/api.whatsapp.com\/send?phone=905444312344\" target=\"_blank\" rel=\"noreferrer noopener\">Whatssapp Reservation : +90 544 431 23 44<\/a><\/p>\n<p><a href=\"https:\/\/grandavcilarhotel.com\/\">Grand Hotel Avc\u0131lar T\u00fcrk\u00e7e Sayfa<\/a><\/p>\n<p><a href=\"https:\/\/g.page\/grandhotelavcilar?gm\/\">Grand Hotel Avcilar Google Profile<\/a><\/p>\n<\/div>\n","protected":false},"excerpt":{"rendered":"<p><a href=\"https:\/\/www.reseliva.com\/\" class=\"powered_by\">Reseliva Rezervasyon Motoru &amp; Kanal Y\u00f6neticisi<\/a><\/p>\n<p>Contact Us: <a href=\"tel:(0212)694 9900\">+90 212 694 99 00<\/a>&nbsp;<a href=\"http:\/\/grandavcilarhotel.com\/\"><\/a>&nbsp;<a href=\"https:\/\/grandavcilarhotel.com\/en\/\"><\/p>\n","protected":false},"author":1,"featured_media":0,"parent":0,"menu_order":0,"comment_status":"closed","ping_status":"closed","template":"template-full_width.php","meta":{"_joinchat":[],"footnotes":""},"_links":{"self":[{"href":"https:\/\/grandavcilarhotel.com\/en\/wp-json\/wp\/v2\/pages\/175"}],"collection":[{"href":"https:\/\/grandavcilarhotel.com\/en\/wp-json\/wp\/v2\/pages"}],"about":[{"href":"https:\/\/grandavcilarhotel.com\/en\/wp-json\/wp\/v2\/types\/page"}],"author":[{"embeddable":true,"href":"https:\/\/grandavcilarhotel.com\/en\/wp-json\/wp\/v2\/users\/1"}],"replies":[{"embeddable":true,"href":"https:\/\/grandavcilarhotel.com\/en\/wp-json\/wp\/v2\/comments?post=175"}],"version-history":[{"count":194,"href":"https:\/\/grandavcilarhotel.com\/en\/wp-json\/wp\/v2\/pages\/175\/revisions"}],"predecessor-version":[{"id":1567,"href":"https:\/\/grandavcilarhotel.com\/en\/wp-json\/wp\/v2\/pages\/175\/revisions\/1567"}],"wp:attachment":[{"href":"https:\/\/grandavcilarhotel.com\/en\/wp-json\/wp\/v2\/media?parent=175"}],"curies":[{"name":"wp","href":"https:\/\/api.w.org\/{rel}","templated":true}]}}