{"id":189,"date":"2011-03-13T11:10:54","date_gmt":"2011-03-13T11:10:54","guid":{"rendered":"http:\/\/localhost\/welcomeinn3\/?page_id=189"},"modified":"2019-12-25T16:55:20","modified_gmt":"2019-12-25T16:55:20","slug":"location","status":"publish","type":"page","link":"https:\/\/grandavcilarhotel.com\/en\/location\/","title":{"rendered":"Location"},"content":{"rendered":"<h2>KONUM:<\/h2>\n<p>Grand Hotel Avc\u0131lar<br \/>\nAdres:E 5 yanyol no 66, 34740, Avc\u0131lar, Istanbul<br \/>\nTelefon: <a href=\"tel:(0212)694 9900\">+90 212 694 99 00<\/a><br \/>\nFaks: +90 212 695 86 95<br \/>\nEmail: info@grandhotelavcilar.com<\/p>\n<p><iframe loading=\"lazy\" src=\"https:\/\/www.google.com\/maps\/embed?pb=!1m18!1m12!1m3!1d3582.11311642808!2d28.740047304490208!3d40.977406071828774!2m3!1f0!2f0!3f0!3m2!1i1024!2i768!4f13.1!3m3!1m2!1s0x0%3A0xe39cb9c5c4fbc195!2sGrand+Hotel!5e0!3m2!1str!2s!4v1505310542717\" width=\"600\" height=\"450\" frameborder=\"0\" style=\"border:0\" allowfullscreen><\/iframe><\/p>\n<p>&nbsp;<\/p>\n<h2>HOW TO GET HERE<\/h2>\n<p>&nbsp;<\/p>\n<div class=\"col col_1_2\">\n<h3 class=\"title_bg\">If you are coming from Istanbul Airport<\/h3>\n<ul class=\"list_dots bordered\">\n<li>\u2022Istanbul Airport\u2192Havaist Avcilar Station<\/li>\n<\/ul>\n<\/div>\n<div class=\"col col_1_2\">\n<h3 class=\"title_bg\">If you are coming from Sabiha G\u00f6k\u00e7en Airport<\/h3>\n<ul class=\"list_dots bordered\">\n<li>Havata\u015f &#8211; Kad\u0131k\u00f6y &#8211; Metrobus (Zincirlikuyu station) -Mecidiyek\u00f6y(connection) &#8211; \u0130.B.B. Sosyal Tesisleri<\/li>\n<\/ul>\n<\/div>\n<h3>DISTANCES:<\/h3>\n<ul class=\"list_dots\">\n<li>IBB METROBUS STATION:150 MT-5 min<\/li>\n<li>ATAT\u00dcRK AIRPORT:9 KM-10 min<\/li>\n<li>CNR EXHIBITION CENTER:12 KM-10D min<\/li>\n<li>TUYAP EXHIBITION CENTER:12 KM-10D min<\/li>\n<li>PELICAN MALL SHOPPING CENTER:4 KM-5 min<\/li>\n<li>TAKSIM: 25 km-40 min<\/li>\n<li>ISTANBUL AIRPORT: 40 km-30 min<\/li>\n<\/ul>\n<p><A HREF=\"http:\/\/grandavcilarhotel.com\/\">GRAND AVCILAR OTEL T\u00dcRK\u00c7E SAYFA \u0130\u00c7\u0130N TIKLAYIN<\/A><\/p>\n","protected":false},"excerpt":{"rendered":"<p>KONUM:<br \/>\nGrand Hotel Avc\u0131lar<br \/>\nAdres:E 5 yanyol no 66, 34740, Avc\u0131lar, Istanbul<br \/>\nTelefon: <a href=\"tel:(0212)694 9900\">+90 212 694 99 00<\/a><br \/>\nFaks: +90 212 695 86 95<br \/>\nEmail: info@grandhotelavcilar.com<\/p>\n<p>&nbsp;<br \/>\nHOW TO GET &#8230;<\/p>\n","protected":false},"author":1,"featured_media":0,"parent":0,"menu_order":0,"comment_status":"open","ping_status":"closed","template":"","meta":{"_joinchat":[],"footnotes":""},"_links":{"self":[{"href":"https:\/\/grandavcilarhotel.com\/en\/wp-json\/wp\/v2\/pages\/189"}],"collection":[{"href":"https:\/\/grandavcilarhotel.com\/en\/wp-json\/wp\/v2\/pages"}],"about":[{"href":"https:\/\/grandavcilarhotel.com\/en\/wp-json\/wp\/v2\/types\/page"}],"author":[{"embeddable":true,"href":"https:\/\/grandavcilarhotel.com\/en\/wp-json\/wp\/v2\/users\/1"}],"replies":[{"embeddable":true,"href":"https:\/\/grandavcilarhotel.com\/en\/wp-json\/wp\/v2\/comments?post=189"}],"version-history":[{"count":19,"href":"https:\/\/grandavcilarhotel.com\/en\/wp-json\/wp\/v2\/pages\/189\/revisions"}],"predecessor-version":[{"id":1391,"href":"https:\/\/grandavcilarhotel.com\/en\/wp-json\/wp\/v2\/pages\/189\/revisions\/1391"}],"wp:attachment":[{"href":"https:\/\/grandavcilarhotel.com\/en\/wp-json\/wp\/v2\/media?parent=189"}],"curies":[{"name":"wp","href":"https:\/\/api.w.org\/{rel}","templated":true}]}}